{"id":2914,"date":"2023-12-26T18:23:50","date_gmt":"2023-12-26T18:23:50","guid":{"rendered":"https:\/\/bpintelligence.com\/?page_id=2914"},"modified":"2024-01-31T16:39:08","modified_gmt":"2024-01-31T16:39:08","slug":"arrendamiento-de-equipo","status":"publish","type":"page","link":"https:\/\/bpintelligence.com\/es\/arrendamiento-de-equipo\/","title":{"rendered":"Arrendamiento de equipo"},"content":{"rendered":"<p>[et_pb_section fb_built=\u00bb1&#8243; admin_label=\u00bbCourses Hero\u00bb _builder_version=\u00bb4.23.1&#8243; use_background_color_gradient=\u00bbon\u00bb background_color_gradient_stops=\u00bb#777777 0%|#0a0404 100%\u00bb background_color_gradient_start=\u00bb#474ab6&#8243; background_color_gradient_end=\u00bb#9271f6&#8243; background_image=\u00bbhttps:\/\/bpintelligence.com\/wp-content\/uploads\/2024\/01\/imagenes-bparrendamiento-de-equipo-scaled.jpg\u00bb background_blend=\u00bboverlay\u00bb custom_padding=\u00bb100px|0px|180px|0px\u00bb animation_style=\u00bbslide\u00bb animation_direction=\u00bbtop\u00bb animation_intensity_slide=\u00bb2%\u00bb hover_enabled=\u00bb0&#8243; locked=\u00bboff\u00bb global_colors_info=\u00bb{}\u00bb title_text=\u00bbimagenes-bparrendamiento de equipo\u00bb sticky_enabled=\u00bb0&#8243;][et_pb_row _builder_version=\u00bb4.16&#8243; background_size=\u00bbinitial\u00bb background_position=\u00bbtop_left\u00bb background_repeat=\u00bbrepeat\u00bb custom_margin=\u00bb|||\u00bb custom_width_px=\u00bb1280px\u00bb global_colors_info=\u00bb{}\u00bb][et_pb_column type=\u00bb4_4&#8243; _builder_version=\u00bb4.16&#8243; custom_padding=\u00bb|||\u00bb global_colors_info=\u00bb{}\u00bb custom_padding__hover=\u00bb|||\u00bb][et_pb_image src=\u00bbhttps:\/\/bpintelligence.com\/wp-content\/uploads\/2023\/12\/a1.png\u00bb title_text=\u00bba1&#8243; align=\u00bbcenter\u00bb align_tablet=\u00bbcenter\u00bb align_phone=\u00bb\u00bb align_last_edited=\u00bbon|desktop\u00bb _builder_version=\u00bb4.23.1&#8243; max_width=\u00bb64px\u00bb animation_style=\u00bbzoom\u00bb locked=\u00bboff\u00bb global_colors_info=\u00bb{}\u00bb][\/et_pb_image][et_pb_text _builder_version=\u00bb4.23.1&#8243; text_font=\u00bbTitillium Web||||||||\u00bb text_text_color=\u00bb#dddddd\u00bb text_font_size=\u00bb32px\u00bb header_font=\u00bbTitillium Web|700|||||||\u00bb header_font_size=\u00bb32px\u00bb header_line_height=\u00bb1.3em\u00bb background_size=\u00bbinitial\u00bb background_position=\u00bbtop_left\u00bb background_repeat=\u00bbrepeat\u00bb text_orientation=\u00bbcenter\u00bb background_layout=\u00bbdark\u00bb max_width=\u00bb530px\u00bb module_alignment=\u00bbcenter\u00bb custom_padding=\u00bb|||\u00bb header_font_size_tablet=\u00bb\u00bb header_font_size_phone=\u00bb\u00bb header_font_size_last_edited=\u00bbon|desktop\u00bb locked=\u00bboff\u00bb global_colors_info=\u00bb{}\u00bb]<\/p>\n<h1><b>Arrendamiento de Equipo<\/b><\/h1>\n<p>[\/et_pb_text][et_pb_text _builder_version=\u00bb4.23.1&#8243; text_font=\u00bbExo 2||||||||\u00bb text_text_color=\u00bb#dddddd\u00bb text_font_size=\u00bb17px\u00bb text_line_height=\u00bb1.4em\u00bb background_size=\u00bbinitial\u00bb background_position=\u00bbtop_left\u00bb background_repeat=\u00bbrepeat\u00bb text_orientation=\u00bbcenter\u00bb max_width=\u00bb1000px\u00bb module_alignment=\u00bbcenter\u00bb custom_margin=\u00bb|-206px||||\u00bb locked=\u00bboff\u00bb global_colors_info=\u00bb{}\u00bb]<\/p>\n<p><span style=\"color: #ffcc00;\"><strong><span style=\"color: #dddddd;\"><b>Descubra la excelencia operativa con nuestro <\/b><\/span><b>arrendamiento de equipos.<\/b><\/strong><\/span><\/p>\n<p><span style=\"font-weight: 400;\">\u00bfEst\u00e1 listo para elevar sus operaciones a nuevas alturas? BP Tech Solutions ofrece una oportunidad excepcional de acceder a herramientas y tecnolog\u00eda de vanguardia a trav\u00e9s de nuestros servicios de arrendamiento de equipos. Nuestro compromiso con la excelencia significa que puede equipar su organizaci\u00f3n con los \u00faltimos avances con atractivos planes de pago.<\/span><\/p>\n<p>[\/et_pb_text][\/et_pb_column][\/et_pb_row][\/et_pb_section][et_pb_section fb_built=\u00bb1&#8243; admin_label=\u00bbFeatures\u00bb _builder_version=\u00bb4.23.1&#8243; background_image=\u00bbhttps:\/\/bpintelligence.com\/wp-content\/uploads\/2023\/12\/aa.png\u00bb parallax=\u00bbon\u00bb parallax_method=\u00bboff\u00bb min_height=\u00bb873.6px\u00bb custom_margin=\u00bb|||\u00bb custom_padding=\u00bb100px|0px|100px|0px\u00bb global_colors_info=\u00bb{}\u00bb][et_pb_row _builder_version=\u00bb4.16&#8243; background_size=\u00bbinitial\u00bb background_position=\u00bbtop_left\u00bb background_repeat=\u00bbrepeat\u00bb custom_padding=\u00bb27px|0px|24px|0px\u00bb global_colors_info=\u00bb{}\u00bb][et_pb_column type=\u00bb4_4&#8243; _builder_version=\u00bb4.16&#8243; custom_padding=\u00bb|||\u00bb global_colors_info=\u00bb{}\u00bb custom_padding__hover=\u00bb|||\u00bb][et_pb_text _builder_version=\u00bb4.23.1&#8243; text_font=\u00bbTitillium Web||||||||\u00bb text_text_color=\u00bb#383838&#8243; header_font=\u00bb||||||||\u00bb header_2_font=\u00bbTitillium Web|700|||||||\u00bb header_2_text_color=\u00bb#383838&#8243; header_2_font_size=\u00bb32px\u00bb header_2_line_height=\u00bb1.1em\u00bb background_size=\u00bbinitial\u00bb background_position=\u00bbtop_left\u00bb background_repeat=\u00bbrepeat\u00bb text_orientation=\u00bbcenter\u00bb module_alignment=\u00bbcenter\u00bb custom_margin=\u00bb||20px|\u00bb animation_style=\u00bbslide\u00bb animation_direction=\u00bbbottom\u00bb animation_intensity_slide=\u00bb10%\u00bb locked=\u00bboff\u00bb global_colors_info=\u00bb{}\u00bb header_font_size__hover=\u00bb30px\u00bb header_font_size__hover_enabled=\u00bb30px\u00bb header_letter_spacing__hover=\u00bb0px\u00bb header_letter_spacing__hover_enabled=\u00bb0px\u00bb header_text_shadow_style__hover=\u00bbnone\u00bb header_text_shadow_style__hover_enabled=\u00bbnone\u00bb header_text_shadow_color__hover=\u00bbrgba(0,0,0,0.4)\u00bb header_text_shadow_color__hover_enabled=\u00bbrgba(0,0,0,0.4)\u00bb]<\/p>\n<h2><b>Personalizaci\u00f3n del Arrendamiento<\/b><\/h2>\n<p>[\/et_pb_text][et_pb_divider color=\u00bb#ff6766&#8243; divider_weight=\u00bb4px\u00bb disabled_on=\u00bboff|off|off\u00bb _builder_version=\u00bb4.23.1&#8243; background_size=\u00bbinitial\u00bb background_position=\u00bbtop_left\u00bb background_repeat=\u00bbrepeat\u00bb max_width=\u00bb40px\u00bb module_alignment=\u00bbcenter\u00bb custom_margin=\u00bb||10px|\u00bb animation_style=\u00bbzoom\u00bb animation_direction=\u00bbleft\u00bb saved_tabs=\u00bball\u00bb locked=\u00bboff\u00bb global_colors_info=\u00bb{}\u00bb][\/et_pb_divider][et_pb_text _builder_version=\u00bb4.23.1&#8243; text_font=\u00bbExo 2||||||||\u00bb text_text_color=\u00bb#383838&#8243; text_font_size=\u00bb16px\u00bb text_line_height=\u00bb1.4em\u00bb text_orientation=\u00bbcenter\u00bb max_width=\u00bb674px\u00bb module_alignment=\u00bbcenter\u00bb custom_margin=\u00bb|204px||||\u00bb animation_style=\u00bbzoom\u00bb animation_intensity_zoom=\u00bb6%\u00bb locked=\u00bboff\u00bb global_colors_info=\u00bb{}\u00bb]<\/p>\n<p><span style=\"font-weight: 400;\">Con los servicios financieros avanzados de BP Tech Solutions, usted no s\u00f3lo obtiene herramientas, sino que tambi\u00e9n obtiene una ventaja competitiva. Eleve sus operaciones, optimice sus recursos y mant\u00e9ngase a la vanguardia.\u00a0<\/span><\/p>\n<p><span style=\"font-weight: 400;\">\u00danase a nosotros en la b\u00fasqueda de la excelencia operativa y el \u00e9xito.<\/span><\/p>\n<p>[\/et_pb_text][\/et_pb_column][\/et_pb_row][et_pb_row column_structure=\u00bb1_3,1_3,1_3&#8243; _builder_version=\u00bb4.16&#8243; background_size=\u00bbinitial\u00bb background_position=\u00bbtop_left\u00bb background_repeat=\u00bbrepeat\u00bb global_colors_info=\u00bb{}\u00bb][et_pb_column type=\u00bb1_3&#8243; _builder_version=\u00bb4.16&#8243; custom_padding=\u00bb|||\u00bb global_colors_info=\u00bb{}\u00bb custom_padding__hover=\u00bb|||\u00bb][et_pb_blurb title=\u00bbMant\u00e9ngase a la Vanguardia\u00bb image=\u00bbhttps:\/\/bpintelligence.com\/wp-content\/uploads\/2023\/12\/c-1-1.png\u00bb icon_placement=\u00bbleft\u00bb content_max_width=\u00bb1100px\u00bb _builder_version=\u00bb4.23.1&#8243; header_font=\u00bbTitillium Web|700|||||||\u00bb header_text_color=\u00bb#383838&#8243; header_line_height=\u00bb1.1em\u00bb body_font=\u00bbExo 2||||||||\u00bb body_text_color=\u00bb#383838&#8243; body_line_height=\u00bb1.4em\u00bb background_color=\u00bb#ffffff\u00bb background_size=\u00bbinitial\u00bb background_position=\u00bbtop_left\u00bb background_repeat=\u00bbrepeat\u00bb custom_margin=\u00bb|||\u00bb custom_padding=\u00bb||20px|\u00bb animation_style=\u00bbzoom\u00bb animation_direction=\u00bbleft\u00bb animation_intensity_zoom=\u00bb10%\u00bb animation_starting_opacity=\u00bb100%\u00bb locked=\u00bboff\u00bb global_colors_info=\u00bb{}\u00bb]<\/p>\n<p><span style=\"font-weight: 400;\">Aproveche equipos y tecnolog\u00eda de \u00faltima generaci\u00f3n para garantizar que sus operaciones est\u00e9n a la vanguardia de la innovaci\u00f3n.<\/span><\/p>\n<p>[\/et_pb_blurb][et_pb_blurb title=\u00bbMantenimiento Optimizado\u00bb image=\u00bbhttps:\/\/bpintelligence.com\/wp-content\/uploads\/2023\/12\/c-1-1.png\u00bb icon_placement=\u00bbleft\u00bb content_max_width=\u00bb1100px\u00bb _builder_version=\u00bb4.23.1&#8243; header_font=\u00bbTitillium Web|700|||||||\u00bb header_text_color=\u00bb#383838&#8243; header_line_height=\u00bb1.1em\u00bb body_font=\u00bbExo 2||||||||\u00bb body_text_color=\u00bb#383838&#8243; body_line_height=\u00bb1.4em\u00bb background_color=\u00bb#ffffff\u00bb background_size=\u00bbinitial\u00bb background_position=\u00bbtop_left\u00bb background_repeat=\u00bbrepeat\u00bb custom_margin=\u00bb|||\u00bb custom_padding=\u00bb||20px|\u00bb animation_style=\u00bbzoom\u00bb animation_direction=\u00bbleft\u00bb animation_intensity_zoom=\u00bb10%\u00bb animation_starting_opacity=\u00bb100%\u00bb locked=\u00bboff\u00bb global_colors_info=\u00bb{}\u00bb]<\/p>\n<p><span style=\"font-weight: 400;\">Deje el mantenimiento y las actualizaciones de los equipos en nuestras manos, reduciendo el tiempo de inactividad y garantizando el m\u00e1ximo rendimiento.<\/span><\/p>\n<p>[\/et_pb_blurb][\/et_pb_column][et_pb_column type=\u00bb1_3&#8243; _builder_version=\u00bb4.16&#8243; custom_padding=\u00bb|||\u00bb global_colors_info=\u00bb{}\u00bb custom_padding__hover=\u00bb|||\u00bb][et_pb_blurb title=\u00bbSoluciones Rentables\u00bb image=\u00bbhttps:\/\/bpintelligence.com\/wp-content\/uploads\/2023\/12\/c-1-1.png\u00bb icon_placement=\u00bbleft\u00bb content_max_width=\u00bb1100px\u00bb _builder_version=\u00bb4.23.1&#8243; header_font=\u00bbTitillium Web|700|||||||\u00bb header_text_color=\u00bb#383838&#8243; header_line_height=\u00bb1.1em\u00bb body_font=\u00bbExo 2||||||||\u00bb body_text_color=\u00bb#383838&#8243; body_line_height=\u00bb1.4em\u00bb background_color=\u00bb#ffffff\u00bb background_size=\u00bbinitial\u00bb background_position=\u00bbtop_left\u00bb background_repeat=\u00bbrepeat\u00bb custom_margin=\u00bb|||\u00bb custom_padding=\u00bb||20px|\u00bb animation_style=\u00bbzoom\u00bb animation_direction=\u00bbleft\u00bb animation_intensity_zoom=\u00bb10%\u00bb animation_starting_opacity=\u00bb100%\u00bb locked=\u00bboff\u00bb global_colors_info=\u00bb{}\u00bb]<\/p>\n<p><span style=\"font-weight: 400;\">Disfrute de ahorros operativos con opciones de arrendamiento que eliminan la necesidad de grandes inversiones iniciales.<\/span><\/p>\n<p>[\/et_pb_blurb][et_pb_blurb title=\u00bbConc\u00e9ntrese en su Negocio\u00bb image=\u00bbhttps:\/\/bpintelligence.com\/wp-content\/uploads\/2023\/12\/c-1-1.png\u00bb icon_placement=\u00bbleft\u00bb content_max_width=\u00bb1100px\u00bb _builder_version=\u00bb4.23.1&#8243; header_font=\u00bbTitillium Web|700|||||||\u00bb header_text_color=\u00bb#383838&#8243; header_line_height=\u00bb1.1em\u00bb body_font=\u00bbExo 2||||||||\u00bb body_text_color=\u00bb#383838&#8243; body_line_height=\u00bb1.4em\u00bb background_color=\u00bb#ffffff\u00bb background_size=\u00bbinitial\u00bb background_position=\u00bbtop_left\u00bb background_repeat=\u00bbrepeat\u00bb custom_margin=\u00bb|||\u00bb custom_padding=\u00bb||20px|\u00bb animation_style=\u00bbzoom\u00bb animation_direction=\u00bbleft\u00bb animation_intensity_zoom=\u00bb10%\u00bb animation_starting_opacity=\u00bb100%\u00bb locked=\u00bboff\u00bb global_colors_info=\u00bb{}\u00bb]<\/p>\n<p><span style=\"font-weight: 400;\">Al alquilar equipos, puede redirigir los recursos y la atenci\u00f3n a sus objetivos comerciales principales.<\/span><\/p>\n<p>[\/et_pb_blurb][\/et_pb_column][et_pb_column type=\u00bb1_3&#8243; _builder_version=\u00bb4.16&#8243; custom_padding=\u00bb|||\u00bb global_colors_info=\u00bb{}\u00bb custom_padding__hover=\u00bb|||\u00bb][et_pb_blurb title=\u00bbFlexibilidad y escalabilidad\u00bb image=\u00bbhttps:\/\/bpintelligence.com\/wp-content\/uploads\/2023\/12\/c-1-1.png\u00bb icon_placement=\u00bbleft\u00bb content_max_width=\u00bb1100px\u00bb _builder_version=\u00bb4.23.1&#8243; header_font=\u00bbTitillium Web|700|||||||\u00bb header_text_color=\u00bb#383838&#8243; header_line_height=\u00bb1.1em\u00bb body_font=\u00bbExo 2||||||||\u00bb body_text_color=\u00bb#383838&#8243; body_line_height=\u00bb1.4em\u00bb background_color=\u00bb#ffffff\u00bb background_size=\u00bbinitial\u00bb background_position=\u00bbtop_left\u00bb background_repeat=\u00bbrepeat\u00bb custom_margin=\u00bb|||\u00bb custom_padding=\u00bb||20px|\u00bb animation_style=\u00bbzoom\u00bb animation_direction=\u00bbleft\u00bb animation_intensity_zoom=\u00bb10%\u00bb animation_starting_opacity=\u00bb100%\u00bb locked=\u00bboff\u00bb global_colors_info=\u00bb{}\u00bb]<\/p>\n<p><span style=\"font-weight: 400;\">Ad\u00e1ptese a necesidades cambiantes con facilidad, ampliando o reduciendo su equipamiento, seg\u00fan sea necesario<\/span><b>.<\/b><\/p>\n<p>[\/et_pb_blurb][et_pb_blurb title=\u00bbSoporte T\u00e9cnico y Experiencia\u00bb image=\u00bbhttps:\/\/bpintelligence.com\/wp-content\/uploads\/2023\/12\/c-1-1.png\u00bb icon_placement=\u00bbleft\u00bb content_max_width=\u00bb1100px\u00bb _builder_version=\u00bb4.23.1&#8243; header_font=\u00bbTitillium Web|700|||||||\u00bb header_text_color=\u00bb#383838&#8243; header_line_height=\u00bb1.1em\u00bb body_font=\u00bbExo 2||||||||\u00bb body_text_color=\u00bb#383838&#8243; body_line_height=\u00bb1.4em\u00bb background_color=\u00bb#ffffff\u00bb background_size=\u00bbinitial\u00bb background_position=\u00bbtop_left\u00bb background_repeat=\u00bbrepeat\u00bb custom_margin=\u00bb|||\u00bb custom_padding=\u00bb||20px|\u00bb animation_style=\u00bbzoom\u00bb animation_direction=\u00bbleft\u00bb animation_intensity_zoom=\u00bb10%\u00bb animation_starting_opacity=\u00bb100%\u00bb locked=\u00bboff\u00bb global_colors_info=\u00bb{}\u00bb]<\/p>\n<p><span style=\"font-weight: 400;\">Benef\u00edciese de nuestro soporte t\u00e9cnico y experiencia. Nuestro equipo puede ayudarle con la configuraci\u00f3n, el mantenimiento y la resoluci\u00f3n de problemas del equipo.<\/span><\/p>\n<p>[\/et_pb_blurb][\/et_pb_column][\/et_pb_row][\/et_pb_section][et_pb_section fb_built=\u00bb1&#8243; admin_label=\u00bbFooter\u00bb _builder_version=\u00bb4.23.1&#8243; background_color=\u00bb#f7f8fc\u00bb custom_padding=\u00bb0px|0px|44px|0px||\u00bb animation_style=\u00bbzoom\u00bb animation_direction=\u00bbbottom\u00bb animation_intensity_zoom=\u00bb6%\u00bb animation_starting_opacity=\u00bb100%\u00bb saved_tabs=\u00bball\u00bb locked=\u00bboff\u00bb global_colors_info=\u00bb{}\u00bb][et_pb_row column_structure=\u00bb1_2,1_2&#8243; _builder_version=\u00bb4.16&#8243; background_size=\u00bbinitial\u00bb background_position=\u00bbtop_left\u00bb background_repeat=\u00bbrepeat\u00bb custom_padding=\u00bb0px|0px|35px|0px||\u00bb global_colors_info=\u00bb{}\u00bb][et_pb_column type=\u00bb1_2&#8243; _builder_version=\u00bb4.16&#8243; custom_padding=\u00bb|||\u00bb global_colors_info=\u00bb{}\u00bb custom_padding__hover=\u00bb|||\u00bb][et_pb_blurb title=\u00bbServicios Personales\u00bb url=\u00bbhttps:\/\/bpintelligence.com\/2870-2\/\u00bb image=\u00bbhttps:\/\/bpintelligence.com\/wp-content\/uploads\/2023\/12\/22.png\u00bb icon_placement=\u00bbleft\u00bb image_icon_width=\u00bb64px\u00bb content_max_width=\u00bb1100px\u00bb _builder_version=\u00bb4.23.1&#8243; header_font=\u00bbTitillium Web|700|||||||\u00bb header_text_color=\u00bb#383838&#8243; header_line_height=\u00bb1.5em\u00bb body_font=\u00bbExo 2||||||||\u00bb body_text_color=\u00bb#383838&#8243; body_line_height=\u00bb1.4em\u00bb background_color=\u00bb#ffffff\u00bb custom_margin=\u00bb-80px|||\u00bb custom_padding=\u00bb30px|40px|30px|40px\u00bb animation_style=\u00bbzoom\u00bb animation_direction=\u00bbbottom\u00bb animation_intensity_zoom=\u00bb20%\u00bb animation_starting_opacity=\u00bb100%\u00bb box_shadow_style=\u00bbpreset2&#8243; box_shadow_horizontal=\u00bb0px\u00bb box_shadow_vertical=\u00bb0px\u00bb box_shadow_blur=\u00bb60px\u00bb box_shadow_color=\u00bbrgba(71,74,182,0.12)\u00bb image_max_width=\u00bb64px\u00bb locked=\u00bboff\u00bb global_colors_info=\u00bb{}\u00bb]<\/p>\n<p><a href=\"https:\/\/bpintelligence.com\/2870-2\/\"><span style=\"font-weight: 400; color: #ff6667;\">Ver servicios &gt;<\/span><\/a><\/p>\n<p><span style=\"font-weight: 400;\">Explore soluciones de vanguardia adaptadas a sus necesidades personales, que le permitir\u00e1n protegerse y prosperar en un entorno digital en constante cambio.<\/span><\/p>\n<p><span style=\"font-weight: 400;\"><\/span><\/p>\n<p><span style=\"font-weight: 400;\"><\/span><\/p>\n<p>[\/et_pb_blurb][\/et_pb_column][et_pb_column type=\u00bb1_2&#8243; _builder_version=\u00bb4.16&#8243; custom_padding=\u00bb|||\u00bb global_colors_info=\u00bb{}\u00bb custom_padding__hover=\u00bb|||\u00bb][et_pb_blurb title=\u00bbArrendamiento de Equipos \u00bb url=\u00bb#\u00bb image=\u00bbhttps:\/\/bpintelligence.com\/wp-content\/uploads\/2023\/12\/11.png\u00bb icon_placement=\u00bbleft\u00bb image_icon_width=\u00bb64px\u00bb content_max_width=\u00bb1100px\u00bb _builder_version=\u00bb4.23.1&#8243; header_font=\u00bbTitillium Web|700|||||||\u00bb header_text_color=\u00bb#383838&#8243; header_line_height=\u00bb1.5em\u00bb body_font=\u00bbExo 2||||||||\u00bb body_text_color=\u00bb#383838&#8243; body_line_height=\u00bb1.4em\u00bb background_color=\u00bb#ffffff\u00bb custom_margin=\u00bb-80px|||\u00bb custom_margin_tablet=\u00bb0px|||\u00bb custom_margin_phone=\u00bb\u00bb custom_margin_last_edited=\u00bbon|phone\u00bb custom_padding=\u00bb30px|40px|30px|40px\u00bb animation_style=\u00bbzoom\u00bb animation_direction=\u00bbbottom\u00bb animation_delay=\u00bb100ms\u00bb animation_intensity_zoom=\u00bb20%\u00bb animation_starting_opacity=\u00bb100%\u00bb box_shadow_style=\u00bbpreset2&#8243; box_shadow_horizontal=\u00bb0px\u00bb box_shadow_vertical=\u00bb0px\u00bb box_shadow_blur=\u00bb60px\u00bb box_shadow_color=\u00bbrgba(71,74,182,0.12)\u00bb image_max_width=\u00bb64px\u00bb locked=\u00bboff\u00bb global_colors_info=\u00bb{}\u00bb]<\/p>\n<p><a href=\"https:\/\/bpintelligence.com\/arrendamiento-de-equipo\/\"><span style=\"font-weight: 400; color: #ff6667;\">Ver esquemas &gt;<\/span><\/a><\/p>\n<p><span style=\"font-weight: 400;\">Nuestras ofertas est\u00e1n dise\u00f1adas para equipar sus operaciones con las \u00faltimas herramientas, garantizando la preparaci\u00f3n para cualquier desaf\u00edo.<\/span><\/p>\n<p><span style=\"font-weight: 400;\"><\/span><\/p>\n<p><span style=\"font-weight: 400;\"><\/span><\/p>\n<p>[\/et_pb_blurb][\/et_pb_column][\/et_pb_row][et_pb_row column_structure=\u00bb1_5,3_5,1_5&#8243; use_custom_gutter=\u00bbon\u00bb gutter_width=\u00bb2&#8243; _builder_version=\u00bb4.23.1&#8243; background_size=\u00bbinitial\u00bb background_position=\u00bbtop_left\u00bb background_repeat=\u00bbrepeat\u00bb global_colors_info=\u00bb{}\u00bb][et_pb_column type=\u00bb1_5&#8243; _builder_version=\u00bb4.16&#8243; custom_padding=\u00bb|||\u00bb global_colors_info=\u00bb{}\u00bb custom_padding__hover=\u00bb|||\u00bb][\/et_pb_column][et_pb_column type=\u00bb3_5&#8243; _builder_version=\u00bb4.16&#8243; custom_padding=\u00bb|||\u00bb global_colors_info=\u00bb{}\u00bb custom_padding__hover=\u00bb|||\u00bb][et_pb_text _builder_version=\u00bb4.23.1&#8243; text_font=\u00bbTitillium Web||||||||\u00bb text_text_color=\u00bb#383838&#8243; text_font_size=\u00bb32px\u00bb text_line_height=\u00bb1.4em\u00bb header_font=\u00bb||||||||\u00bb header_2_font=\u00bb|700|||||||\u00bb header_2_text_color=\u00bb#7272ff\u00bb header_2_font_size=\u00bb36px\u00bb header_2_line_height=\u00bb1.3em\u00bb background_size=\u00bbinitial\u00bb background_position=\u00bbtop_left\u00bb background_repeat=\u00bbrepeat\u00bb custom_margin=\u00bb||20px|\u00bb animation_style=\u00bbslide\u00bb animation_direction=\u00bbbottom\u00bb animation_intensity_slide=\u00bb10%\u00bb global_colors_info=\u00bb{}\u00bb header_font_size__hover=\u00bb30px\u00bb header_font_size__hover_enabled=\u00bb30px\u00bb header_letter_spacing__hover=\u00bb0px\u00bb header_letter_spacing__hover_enabled=\u00bb0px\u00bb header_text_shadow_style__hover=\u00bbnone\u00bb header_text_shadow_style__hover_enabled=\u00bbnone\u00bb header_text_shadow_color__hover=\u00bbrgba(0,0,0,0.4)\u00bb header_text_shadow_color__hover_enabled=\u00bbrgba(0,0,0,0.4)\u00bb]<\/p>\n<p style=\"text-align: center;\"><b>P\u00f3ngase en <\/b><a href=\"https:\/\/bpintelligence.com\/contacto\/\"><span style=\"color: #ff6667;\"><b>contacto &gt;<\/b><\/span><\/a><\/p>\n<p>[\/et_pb_text][et_pb_text _builder_version=\u00bb4.23.1&#8243; text_font=\u00bbExo 2||||||||\u00bb text_text_color=\u00bb#383838&#8243; background_size=\u00bbinitial\u00bb background_position=\u00bbtop_left\u00bb background_repeat=\u00bbrepeat\u00bb animation_style=\u00bbfade\u00bb locked=\u00bboff\u00bb global_colors_info=\u00bb{}\u00bb]<\/p>\n<p style=\"text-align: center;\"><span style=\"font-weight: 400;\">Estamos aqu\u00ed para brindarle soluciones innovadoras adaptadas a sus necesidades. Cont\u00e1ctenos hoy para iniciar una transformaci\u00f3n hacia un futuro m\u00e1s seguro y pr\u00f3spero.<\/span><\/p>\n<p>[\/et_pb_text][et_pb_button button_url=\u00bbhttps:\/\/bpintelligence.com\/contacto\/\u00bb button_text=\u00bbContacto\u00bb button_alignment=\u00bbcenter\u00bb _builder_version=\u00bb4.23.1&#8243; custom_button=\u00bbon\u00bb button_text_size=\u00bb16px\u00bb button_text_color=\u00bb#FFFFFF\u00bb button_bg_color=\u00bb#FF6766&#8243; button_border_width=\u00bb9px\u00bb button_border_color=\u00bb#FF6766&#8243; button_border_radius=\u00bb7px\u00bb button_letter_spacing=\u00bb0px\u00bb button_font=\u00bbTitillium Web|600||on|||||\u00bb button_use_icon=\u00bboff\u00bb custom_margin=\u00bb52px||1px|||\u00bb animation_style=\u00bbzoom\u00bb animation_delay=\u00bb100ms\u00bb animation_intensity_zoom=\u00bb6%\u00bb box_shadow_style=\u00bbpreset1&#8243; box_shadow_vertical=\u00bb10px\u00bb box_shadow_blur=\u00bb50px\u00bb box_shadow_spread=\u00bb5px\u00bb box_shadow_color=\u00bbrgba(255,102,103,0.34)\u00bb button_letter_spacing_hover=\u00bb2px\u00bb locked=\u00bboff\u00bb global_colors_info=\u00bb{}\u00bb button_text_size__hover_enabled=\u00bboff\u00bb button_one_text_size__hover_enabled=\u00bboff\u00bb button_two_text_size__hover_enabled=\u00bboff\u00bb button_text_color__hover_enabled=\u00bboff\u00bb button_one_text_color__hover_enabled=\u00bboff\u00bb button_two_text_color__hover_enabled=\u00bboff\u00bb button_border_width__hover_enabled=\u00bboff\u00bb button_one_border_width__hover_enabled=\u00bboff\u00bb button_two_border_width__hover_enabled=\u00bboff\u00bb button_border_color__hover_enabled=\u00bbon|hover\u00bb button_one_border_color__hover_enabled=\u00bboff\u00bb button_two_border_color__hover_enabled=\u00bboff\u00bb button_border_radius__hover_enabled=\u00bboff\u00bb button_one_border_radius__hover_enabled=\u00bboff\u00bb button_two_border_radius__hover_enabled=\u00bboff\u00bb button_letter_spacing__hover_enabled=\u00bbon|hover\u00bb button_letter_spacing__hover=\u00bb0px\u00bb button_one_letter_spacing__hover_enabled=\u00bboff\u00bb button_two_letter_spacing__hover_enabled=\u00bboff\u00bb button_bg_color__hover_enabled=\u00bbon|hover\u00bb button_one_bg_color__hover_enabled=\u00bboff\u00bb button_two_bg_color__hover_enabled=\u00bboff\u00bb button_bg_color__hover=\u00bb#860001&#8243; button_bg_enable_color__hover=\u00bbon\u00bb button_border_color__hover=\u00bb#860001&#8243;][\/et_pb_button][\/et_pb_column][et_pb_column type=\u00bb1_5&#8243; _builder_version=\u00bb4.16&#8243; custom_padding=\u00bb|||\u00bb global_colors_info=\u00bb{}\u00bb custom_padding__hover=\u00bb|||\u00bb][\/et_pb_column][\/et_pb_row][\/et_pb_section]<\/p>\n","protected":false},"excerpt":{"rendered":"<p>Arrendamiento de EquipoDescubra la excelencia operativa con nuestro arrendamiento de equipos. \u00bfEst\u00e1 listo para elevar sus operaciones a nuevas alturas? BP Tech Solutions ofrece una oportunidad excepcional de acceder a herramientas y tecnolog\u00eda de vanguardia a trav\u00e9s de nuestros servicios de arrendamiento de equipos. Nuestro compromiso con la excelencia significa que puede equipar su organizaci\u00f3n [&hellip;]<\/p>\n","protected":false},"author":1,"featured_media":0,"parent":0,"menu_order":0,"comment_status":"closed","ping_status":"closed","template":"","meta":{"_et_pb_use_builder":"on","_et_pb_old_content":"<!-- wp:divi\/placeholder \/-->","_et_gb_content_width":"","footnotes":""},"_links":{"self":[{"href":"https:\/\/bpintelligence.com\/es\/wp-json\/wp\/v2\/pages\/2914"}],"collection":[{"href":"https:\/\/bpintelligence.com\/es\/wp-json\/wp\/v2\/pages"}],"about":[{"href":"https:\/\/bpintelligence.com\/es\/wp-json\/wp\/v2\/types\/page"}],"author":[{"embeddable":true,"href":"https:\/\/bpintelligence.com\/es\/wp-json\/wp\/v2\/users\/1"}],"replies":[{"embeddable":true,"href":"https:\/\/bpintelligence.com\/es\/wp-json\/wp\/v2\/comments?post=2914"}],"version-history":[{"count":16,"href":"https:\/\/bpintelligence.com\/es\/wp-json\/wp\/v2\/pages\/2914\/revisions"}],"predecessor-version":[{"id":3489,"href":"https:\/\/bpintelligence.com\/es\/wp-json\/wp\/v2\/pages\/2914\/revisions\/3489"}],"wp:attachment":[{"href":"https:\/\/bpintelligence.com\/es\/wp-json\/wp\/v2\/media?parent=2914"}],"curies":[{"name":"wp","href":"https:\/\/api.w.org\/{rel}","templated":true}]}}