{"id":20,"date":"2023-02-15T20:19:19","date_gmt":"2023-02-15T20:19:19","guid":{"rendered":"https:\/\/bpintelligence.com\/?page_id=20"},"modified":"2024-01-31T17:38:26","modified_gmt":"2024-01-31T17:38:26","slug":"contacto","status":"publish","type":"page","link":"https:\/\/bpintelligence.com\/es\/contacto\/","title":{"rendered":"Contacto"},"content":{"rendered":"<p>[et_pb_section fb_built=\u00bb1&#8243; admin_label=\u00bbContact hero\u00bb _builder_version=\u00bb4.23.1&#8243; use_background_color_gradient=\u00bbon\u00bb background_color_gradient_stops=\u00bb#474747 0%|rgba(0,0,0,0.84) 100%\u00bb background_color_gradient_start=\u00bb#474ab6&#8243; background_color_gradient_end=\u00bb#9271f6&#8243; background_image=\u00bbhttps:\/\/bpintelligence.com\/wp-content\/uploads\/2024\/01\/imagenes-bpcontacto-scaled.jpg\u00bb background_blend=\u00bboverlay\u00bb min_height=\u00bb1106.8px\u00bb custom_padding=\u00bb100px|0px|60px|0px\u00bb animation_style=\u00bbslide\u00bb animation_direction=\u00bbtop\u00bb animation_intensity_slide=\u00bb2%\u00bb hover_enabled=\u00bb0&#8243; box_shadow_style=\u00bbpreset7&#8243; box_shadow_horizontal=\u00bb0px\u00bb box_shadow_vertical=\u00bb-260px\u00bb box_shadow_color=\u00bb#ffffff\u00bb locked=\u00bboff\u00bb global_colors_info=\u00bb{}\u00bb title_text=\u00bbimagenes-bpcontacto\u00bb sticky_enabled=\u00bb0&#8243;][et_pb_row _builder_version=\u00bb4.16&#8243; custom_margin=\u00bb|||\u00bb custom_padding=\u00bb27px|0px|100px|0px\u00bb custom_width_px=\u00bb1280px\u00bb global_colors_info=\u00bb{}\u00bb][et_pb_column type=\u00bb4_4&#8243; _builder_version=\u00bb4.16&#8243; custom_padding=\u00bb|||\u00bb global_colors_info=\u00bb{}\u00bb custom_padding__hover=\u00bb|||\u00bb][et_pb_text _builder_version=\u00bb4.23.1&#8243; text_font=\u00bbAboreto|600|||||||\u00bb header_font=\u00bbTitillium Web|700|||||||\u00bb header_font_size=\u00bb32px\u00bb header_line_height=\u00bb1.3em\u00bb background_enable_image=\u00bboff\u00bb text_orientation=\u00bbcenter\u00bb background_layout=\u00bbdark\u00bb max_width=\u00bb530px\u00bb module_alignment=\u00bbcenter\u00bb custom_padding=\u00bb|||\u00bb header_font_size_tablet=\u00bb\u00bb header_font_size_phone=\u00bb\u00bb header_font_size_last_edited=\u00bbon|desktop\u00bb locked=\u00bboff\u00bb global_colors_info=\u00bb{}\u00bb]<\/p>\n<h1><b>\u00bfListo para dar el <\/b><span style=\"color: #ff6766;\"><b>siguiente paso?<\/b><\/span><\/h1>\n<p>[\/et_pb_text][et_pb_text _builder_version=\u00bb4.23.1&#8243; text_font=\u00bbExo 2||||||||\u00bb text_text_color=\u00bb#dddddd\u00bb text_font_size=\u00bb18px\u00bb text_line_height=\u00bb1.4em\u00bb text_orientation=\u00bbcenter\u00bb max_width=\u00bb841px\u00bb module_alignment=\u00bbcenter\u00bb locked=\u00bboff\u00bb global_colors_info=\u00bb{}\u00bb]<\/p>\n<p><span style=\"font-weight: 400;\">Nuestro equipo est\u00e1 <\/span><span style=\"font-weight: 400;\">atento para conectarse co<\/span><span style=\"font-weight: 400;\">n usted y explorar c\u00f3mo podemos satisfacer las necesidades \u00fanicas de su organizaci\u00f3n. Ya sea que se trate de nuestras soluciones innovadoras, enfoques personalizados o herramientas de seguridad avanzadas, estamos aqu\u00ed para brindarle la experiencia y la orientaci\u00f3n que necesita. No dude en comunicarse: su viaje hacia una mayor seguridad y \u00e9xito comienza con una simple conversaci\u00f3n. Conectemos y liberemos todo el potencial de su organizaci\u00f3n.<\/span><\/p>\n<p>[\/et_pb_text][\/et_pb_column][\/et_pb_row][et_pb_row column_structure=\u00bb2_3,1_3&#8243; use_custom_gutter=\u00bbon\u00bb gutter_width=\u00bb1&#8243; make_equal=\u00bbon\u00bb admin_label=\u00bbContact Info\u00bb _builder_version=\u00bb4.23.1&#8243; background_color=\u00bb#ffffff\u00bb custom_padding=\u00bb0px|0px|0px|0px\u00bb animation_style=\u00bbzoom\u00bb animation_intensity_zoom=\u00bb10%\u00bb animation_starting_opacity=\u00bb100%\u00bb box_shadow_style=\u00bbpreset1&#8243; box_shadow_vertical=\u00bb10px\u00bb box_shadow_blur=\u00bb60px\u00bb box_shadow_color=\u00bbrgba(71,74,182,0.12)\u00bb global_colors_info=\u00bb{}\u00bb][et_pb_column type=\u00bb2_3&#8243; _builder_version=\u00bb4.16&#8243; custom_padding=\u00bb60px|40px|60px|40px\u00bb global_colors_info=\u00bb{}\u00bb custom_padding__hover=\u00bb|||\u00bb][et_pb_text _builder_version=\u00bb4.23.1&#8243; text_font=\u00bb||||||||\u00bb header_font=\u00bb||||||||\u00bb header_2_font=\u00bbTitillium Web|700|||||||\u00bb header_2_text_color=\u00bb#383838&#8243; header_2_font_size=\u00bb32px\u00bb header_2_line_height=\u00bb1.1em\u00bb custom_margin=\u00bb||20px|\u00bb animation_style=\u00bbslide\u00bb animation_direction=\u00bbbottom\u00bb animation_intensity_slide=\u00bb10%\u00bb locked=\u00bboff\u00bb global_colors_info=\u00bb{}\u00bb header_font_size__hover=\u00bb30px\u00bb header_font_size__hover_enabled=\u00bb30px\u00bb header_letter_spacing__hover=\u00bb0px\u00bb header_letter_spacing__hover_enabled=\u00bb0px\u00bb header_text_shadow_style__hover=\u00bbnone\u00bb header_text_shadow_style__hover_enabled=\u00bbnone\u00bb header_text_shadow_color__hover=\u00bbrgba(0,0,0,0.4)\u00bb header_text_shadow_color__hover_enabled=\u00bbrgba(0,0,0,0.4)\u00bb]<\/p>\n<h2><b>Env\u00edenos un <\/b><b><span style=\"color: #ff6766;\">mensaje<\/span><\/b><\/h2>\n<p>[\/et_pb_text][et_pb_contact_form captcha=\u00bboff\u00bb email=\u00bbbox@businessprey.net\u00bb title=\u00bbBP | Solicitud de informes\u00bb custom_message=\u00bbNombre: %%nombre%%||et_pb_line_break_holder||Apellido: %%apellido%%||et_pb_line_break_holder||Correo electr\u00f3nico: %%email%%||et_pb_line_break_holder||N\u00famero telef\u00f3nico: %%pais%%%%phone%%||et_pb_line_break_holder||Mensaje: %%mensaje%%\u00bb submit_button_text=\u00bbEnviar\u00bb module_id=\u00bbet_pb_contact_form_0&#8243; _builder_version=\u00bb4.23.1&#8243; form_field_background_color=\u00bbrgba(0,0,0,0)\u00bb form_field_text_color=\u00bbrgba(114,114,255,0.61)\u00bb form_field_font=\u00bbExo 2||||||||\u00bb form_field_font_size=\u00bb14px\u00bb custom_button=\u00bbon\u00bb button_text_size=\u00bb16px\u00bb button_text_color=\u00bb#ffffff\u00bb button_bg_color=\u00bb#ff6766&#8243; button_border_width=\u00bb10px\u00bb button_border_color=\u00bb#ff6766&#8243; button_border_radius=\u00bb7px\u00bb button_letter_spacing=\u00bb0px\u00bb button_font=\u00bbTitillium Web|700||on|||||\u00bb button_use_icon=\u00bboff\u00bb custom_css_contact_title=\u00bbdisplay:none\u00bb border_width_all=\u00bb1px\u00bb border_color_all=\u00bbrgba(71,74,182,0.12)\u00bb border_style_all=\u00bbsolid\u00bb box_shadow_style_button=\u00bbpreset1&#8243; box_shadow_vertical_button=\u00bb10px\u00bb box_shadow_blur_button=\u00bb30px\u00bb box_shadow_color_button=\u00bbrgba(146,113,246,0.3)\u00bb use_border_color=\u00bbon\u00bb border_color=\u00bbrgba(71,74,182,0.12)\u00bb form_background_color=\u00bbrgba(0,0,0,0)\u00bb global_colors_info=\u00bb{}\u00bb button_bg_color__hover_enabled=\u00bbon|hover\u00bb button_bg_color__hover=\u00bb#860001&#8243; button_bg_enable_color__hover=\u00bbon\u00bb button_border_color__hover_enabled=\u00bbon|hover\u00bb button_border_color__hover=\u00bb#860001&#8243;][et_pb_contact_field field_id=\u00bbnombre\u00bb field_title=\u00bbNombres\u00bb _builder_version=\u00bb4.23.1&#8243; form_field_text_color=\u00bb#383838&#8243; form_field_font=\u00bbExo 2||||||||\u00bb form_field_font_size=\u00bb16px\u00bb global_colors_info=\u00bb{}\u00bb button_text_size__hover_enabled=\u00bboff\u00bb button_one_text_size__hover_enabled=\u00bboff\u00bb button_two_text_size__hover_enabled=\u00bboff\u00bb button_text_color__hover_enabled=\u00bboff\u00bb button_one_text_color__hover_enabled=\u00bboff\u00bb button_two_text_color__hover_enabled=\u00bboff\u00bb button_border_width__hover_enabled=\u00bboff\u00bb button_one_border_width__hover_enabled=\u00bboff\u00bb button_two_border_width__hover_enabled=\u00bboff\u00bb button_border_color__hover_enabled=\u00bboff\u00bb button_one_border_color__hover_enabled=\u00bboff\u00bb button_two_border_color__hover_enabled=\u00bboff\u00bb button_border_radius__hover_enabled=\u00bboff\u00bb button_one_border_radius__hover_enabled=\u00bboff\u00bb button_two_border_radius__hover_enabled=\u00bboff\u00bb button_letter_spacing__hover_enabled=\u00bboff\u00bb button_one_letter_spacing__hover_enabled=\u00bboff\u00bb button_two_letter_spacing__hover_enabled=\u00bboff\u00bb button_bg_color__hover_enabled=\u00bboff\u00bb button_one_bg_color__hover_enabled=\u00bboff\u00bb button_two_bg_color__hover_enabled=\u00bboff\u00bb][\/et_pb_contact_field][et_pb_contact_field field_id=\u00bbapellido\u00bb field_title=\u00bbApellidos\u00bb _builder_version=\u00bb4.23.1&#8243; form_field_text_color=\u00bb#383838&#8243; form_field_font=\u00bbExo 2||||||||\u00bb form_field_font_size=\u00bb16px\u00bb global_colors_info=\u00bb{}\u00bb button_text_size__hover_enabled=\u00bboff\u00bb button_one_text_size__hover_enabled=\u00bboff\u00bb button_two_text_size__hover_enabled=\u00bboff\u00bb button_text_color__hover_enabled=\u00bboff\u00bb button_one_text_color__hover_enabled=\u00bboff\u00bb button_two_text_color__hover_enabled=\u00bboff\u00bb button_border_width__hover_enabled=\u00bboff\u00bb button_one_border_width__hover_enabled=\u00bboff\u00bb button_two_border_width__hover_enabled=\u00bboff\u00bb button_border_color__hover_enabled=\u00bboff\u00bb button_one_border_color__hover_enabled=\u00bboff\u00bb button_two_border_color__hover_enabled=\u00bboff\u00bb button_border_radius__hover_enabled=\u00bboff\u00bb button_one_border_radius__hover_enabled=\u00bboff\u00bb button_two_border_radius__hover_enabled=\u00bboff\u00bb button_letter_spacing__hover_enabled=\u00bboff\u00bb button_one_letter_spacing__hover_enabled=\u00bboff\u00bb button_two_letter_spacing__hover_enabled=\u00bboff\u00bb button_bg_color__hover_enabled=\u00bboff\u00bb button_one_bg_color__hover_enabled=\u00bboff\u00bb button_two_bg_color__hover_enabled=\u00bboff\u00bb][\/et_pb_contact_field][et_pb_contact_field field_id=\u00bbemail\u00bb field_title=\u00bbCorreo electr\u00f3nico\u00bb field_type=\u00bbemail\u00bb fullwidth_field=\u00bbon\u00bb _builder_version=\u00bb4.23.1&#8243; form_field_text_color=\u00bb#383838&#8243; form_field_font=\u00bbExo 2||||||||\u00bb form_field_font_size=\u00bb16px\u00bb global_colors_info=\u00bb{}\u00bb button_text_size__hover_enabled=\u00bboff\u00bb button_one_text_size__hover_enabled=\u00bboff\u00bb button_two_text_size__hover_enabled=\u00bboff\u00bb button_text_color__hover_enabled=\u00bboff\u00bb button_one_text_color__hover_enabled=\u00bboff\u00bb button_two_text_color__hover_enabled=\u00bboff\u00bb button_border_width__hover_enabled=\u00bboff\u00bb button_one_border_width__hover_enabled=\u00bboff\u00bb button_two_border_width__hover_enabled=\u00bboff\u00bb button_border_color__hover_enabled=\u00bboff\u00bb button_one_border_color__hover_enabled=\u00bboff\u00bb button_two_border_color__hover_enabled=\u00bboff\u00bb button_border_radius__hover_enabled=\u00bboff\u00bb button_one_border_radius__hover_enabled=\u00bboff\u00bb button_two_border_radius__hover_enabled=\u00bboff\u00bb button_letter_spacing__hover_enabled=\u00bboff\u00bb button_one_letter_spacing__hover_enabled=\u00bboff\u00bb button_two_letter_spacing__hover_enabled=\u00bboff\u00bb button_bg_color__hover_enabled=\u00bboff\u00bb button_one_bg_color__hover_enabled=\u00bboff\u00bb button_two_bg_color__hover_enabled=\u00bboff\u00bb][\/et_pb_contact_field][et_pb_contact_field field_id=\u00bbpais\u00bb field_title=\u00bbPa\u00eds\u00bb field_type=\u00bbselect\u00bb select_options=\u00bb%91{%22value%22:%22(M\u00e9xico) +52%22,%22checked%22:0,%22dragID%22:-1},{%22value%22:%22(Estados Unidos) +1%22,%22checked%22:0,%22dragID%22:0},{%22value%22:%22(Canad\u00e1) +1%22,%22checked%22:0,%22dragID%22:1},{%22value%22:%22(Brasil) +55%22,%22checked%22:0,%22dragID%22:2},{%22value%22:%22(Argentina) +54%22,%22checked%22:0,%22dragID%22:3},{%22value%22:%22(Colombia) +57%22,%22checked%22:0,%22dragID%22:4},{%22value%22:%22(Chile) +56%22,%22checked%22:0,%22dragID%22:5},{%22value%22:%22(Venezuela) +58%22,%22checked%22:0,%22dragID%22:6},{%22value%22:%22(Per\u00fa) +51%22,%22checked%22:0,%22dragID%22:7},{%22value%22:%22(Ecuador) +593%22,%22checked%22:0,%22dragID%22:8},{%22value%22:%22(Cuba) +53%22,%22checked%22:0,%22dragID%22:9},{%22value%22:%22(Bolivia) +591%22,%22checked%22:0,%22dragID%22:10},{%22value%22:%22(Costa Rica) +506%22,%22checked%22:0,%22dragID%22:11},{%22value%22:%22(Panam\u00e1) +507%22,%22checked%22:0,%22dragID%22:12},{%22value%22:%22(Uruguay) +598%22,%22checked%22:0,%22dragID%22:13},{%22value%22:%22(Espa\u00f1a) +34%22,%22checked%22:0,%22dragID%22:14},{%22value%22:%22(Alemania) +49%22,%22checked%22:0,%22dragID%22:15},{%22value%22:%22(Francia) +33%22,%22checked%22:0,%22dragID%22:16},{%22value%22:%22(Italia) +39%22,%22checked%22:0,%22dragID%22:17},{%22value%22:%22(Reino Unido) +44%22,%22checked%22:0,%22dragID%22:18},{%22value%22:%22(Rusia) +7%22,%22checked%22:0,%22dragID%22:19},{%22value%22:%22(Ucrania) +380%22,%22checked%22:0,%22dragID%22:20},{%22value%22:%22(Polonia) +48%22,%22checked%22:0,%22dragID%22:21},{%22value%22:%22(Rumania) +40%22,%22checked%22:0,%22dragID%22:22},{%22value%22:%22(Pa\u00edses Bajos) +31%22,%22checked%22:0,%22dragID%22:23},{%22value%22:%22(B\u00e9lgica) +32%22,%22checked%22:0,%22dragID%22:24},{%22value%22:%22(Grecia) +30%22,%22checked%22:0,%22dragID%22:25},{%22value%22:%22(Portugal) +351%22,%22checked%22:0,%22dragID%22:26},{%22value%22:%22(Suecia) +46%22,%22checked%22:0,%22dragID%22:27},{%22value%22:%22(Noruega) +47%22,%22checked%22:0,%22dragID%22:28},{%22value%22:%22(China) +86%22,%22checked%22:0,%22dragID%22:29},{%22value%22:%22(India) +91%22,%22checked%22:0,%22dragID%22:30},{%22value%22:%22(Jap\u00f3n) +81%22,%22checked%22:0,%22dragID%22:31},{%22value%22:%22(Corea del Sur) +82%22,%22checked%22:0,%22dragID%22:32},{%22value%22:%22(Indonesia) +62%22,%22checked%22:0,%22dragID%22:33},{%22value%22:%22(Turqu\u00eda) +90%22,%22checked%22:0,%22dragID%22:34},{%22value%22:%22(Filipinas) +63%22,%22checked%22:0,%22dragID%22:35},{%22value%22:%22(Tailandia) +66%22,%22checked%22:0,%22dragID%22:36},{%22value%22:%22(Banglad\u00e9s) +880%22,%22checked%22:0,%22dragID%22:37},{%22value%22:%22(Arabia Saudita) +966%22,%22checked%22:0,%22dragID%22:38},{%22value%22:%22(Egipto) +20%22,%22checked%22:0,%22dragID%22:39},{%22value%22:%22(Sud\u00e1frica) +27%22,%22checked%22:0,%22dragID%22:40},{%22value%22:%22(Nigeria) +234%22,%22checked%22:0,%22dragID%22:41},{%22value%22:%22(Marruecos) +212%22,%22checked%22:0,%22dragID%22:42},{%22value%22:%22(Camer\u00fan) +237%22,%22checked%22:0,%22dragID%22:43},{%22value%22:%22(Australia) +61%22,%22checked%22:0,%22dragID%22:44},{%22value%22:%22(Nueva Zelanda) +64%22,%22checked%22:0,%22dragID%22:45},{%22value%22:%22(Emiratos \u00c1rabes Unidos) +971%22,%22checked%22:0,%22dragID%22:46}%93&#8243; _builder_version=\u00bb4.23.1&#8243; _module_preset=\u00bbdefault\u00bb form_field_text_color=\u00bb#383838&#8243; form_field_font_size=\u00bb16px\u00bb global_colors_info=\u00bb{}\u00bb][\/et_pb_contact_field][et_pb_contact_field field_id=\u00bbphone\u00bb field_title=\u00bbN\u00famero telef\u00f3nico\u00bb min_length=\u00bb10&#8243; max_length=\u00bb10&#8243; allowed_symbols=\u00bbnumbers\u00bb _builder_version=\u00bb4.23.1&#8243; form_field_text_color=\u00bb#383838&#8243; form_field_font=\u00bbExo 2||||||||\u00bb form_field_font_size=\u00bb16px\u00bb global_colors_info=\u00bb{}\u00bb button_text_size__hover_enabled=\u00bboff\u00bb button_one_text_size__hover_enabled=\u00bboff\u00bb button_two_text_size__hover_enabled=\u00bboff\u00bb button_text_color__hover_enabled=\u00bboff\u00bb button_one_text_color__hover_enabled=\u00bboff\u00bb button_two_text_color__hover_enabled=\u00bboff\u00bb button_border_width__hover_enabled=\u00bboff\u00bb button_one_border_width__hover_enabled=\u00bboff\u00bb button_two_border_width__hover_enabled=\u00bboff\u00bb button_border_color__hover_enabled=\u00bboff\u00bb button_one_border_color__hover_enabled=\u00bboff\u00bb button_two_border_color__hover_enabled=\u00bboff\u00bb button_border_radius__hover_enabled=\u00bboff\u00bb button_one_border_radius__hover_enabled=\u00bboff\u00bb button_two_border_radius__hover_enabled=\u00bboff\u00bb button_letter_spacing__hover_enabled=\u00bboff\u00bb button_one_letter_spacing__hover_enabled=\u00bboff\u00bb button_two_letter_spacing__hover_enabled=\u00bboff\u00bb button_bg_color__hover_enabled=\u00bboff\u00bb button_one_bg_color__hover_enabled=\u00bboff\u00bb button_two_bg_color__hover_enabled=\u00bboff\u00bb][\/et_pb_contact_field][et_pb_contact_field field_id=\u00bbmensaje\u00bb field_title=\u00bbMensaje\u00bb field_type=\u00bbtext\u00bb fullwidth_field=\u00bbon\u00bb _builder_version=\u00bb4.23.1&#8243; form_field_text_color=\u00bb#383838&#8243; form_field_font=\u00bbExo 2||||||||\u00bb form_field_font_size=\u00bb16px\u00bb global_colors_info=\u00bb{}\u00bb button_text_size__hover_enabled=\u00bboff\u00bb button_one_text_size__hover_enabled=\u00bboff\u00bb button_two_text_size__hover_enabled=\u00bboff\u00bb button_text_color__hover_enabled=\u00bboff\u00bb button_one_text_color__hover_enabled=\u00bboff\u00bb button_two_text_color__hover_enabled=\u00bboff\u00bb button_border_width__hover_enabled=\u00bboff\u00bb button_one_border_width__hover_enabled=\u00bboff\u00bb button_two_border_width__hover_enabled=\u00bboff\u00bb button_border_color__hover_enabled=\u00bboff\u00bb button_one_border_color__hover_enabled=\u00bboff\u00bb button_two_border_color__hover_enabled=\u00bboff\u00bb button_border_radius__hover_enabled=\u00bboff\u00bb button_one_border_radius__hover_enabled=\u00bboff\u00bb button_two_border_radius__hover_enabled=\u00bboff\u00bb button_letter_spacing__hover_enabled=\u00bboff\u00bb button_one_letter_spacing__hover_enabled=\u00bboff\u00bb button_two_letter_spacing__hover_enabled=\u00bboff\u00bb button_bg_color__hover_enabled=\u00bboff\u00bb button_one_bg_color__hover_enabled=\u00bboff\u00bb button_two_bg_color__hover_enabled=\u00bboff\u00bb][\/et_pb_contact_field][\/et_pb_contact_form][\/et_pb_column][et_pb_column type=\u00bb1_3&#8243; _builder_version=\u00bb4.23.1&#8243; background_color=\u00bb#ff6766&#8243; custom_padding=\u00bb60px|40px|60px|40px\u00bb global_colors_info=\u00bb{}\u00bb custom_padding__hover=\u00bb|||\u00bb][et_pb_text _builder_version=\u00bb4.23.1&#8243; text_font=\u00bb||||||||\u00bb header_font=\u00bb||||||||\u00bb header_2_font=\u00bbTitillium Web|700|||||||\u00bb header_2_text_color=\u00bb#ffffff\u00bb header_2_font_size=\u00bb32px\u00bb header_2_line_height=\u00bb1.1em\u00bb background_layout=\u00bbdark\u00bb custom_margin=\u00bb||20px|\u00bb animation_style=\u00bbslide\u00bb animation_direction=\u00bbbottom\u00bb animation_intensity_slide=\u00bb10%\u00bb locked=\u00bboff\u00bb global_colors_info=\u00bb{}\u00bb header_font_size__hover=\u00bb30px\u00bb header_font_size__hover_enabled=\u00bb30px\u00bb header_letter_spacing__hover=\u00bb0px\u00bb header_letter_spacing__hover_enabled=\u00bb0px\u00bb header_text_shadow_style__hover=\u00bbnone\u00bb header_text_shadow_style__hover_enabled=\u00bbnone\u00bb header_text_shadow_color__hover=\u00bbrgba(0,0,0,0.4)\u00bb header_text_shadow_color__hover_enabled=\u00bbrgba(0,0,0,0.4)\u00bb]<\/p>\n<h2><\/h2>\n<p>[\/et_pb_text][et_pb_text _builder_version=\u00bb4.23.1&#8243; text_font=\u00bbExo 2||||||||\u00bb text_line_height=\u00bb1.4em\u00bb header_4_font=\u00bbExo 2||||||||\u00bb header_4_font_size=\u00bb14px\u00bb background_layout=\u00bbdark\u00bb custom_margin=\u00bb||40px|\u00bb global_colors_info=\u00bb{}\u00bb]<span style=\"font-weight: 400;\">En el acto de otorgar informaci\u00f3n, el Cliente hace de manifiesto que ha le\u00eddo y entendido sus implicaciones y en consecuencia, han otorgado el consentimiento para que los Datos Personales sean tratados conforme a lo se\u00f1alado en el nuestro <\/span><span style=\"font-size: 12px;\"><strong>Aviso de Privacidad <\/strong><\/span>[\/et_pb_text][\/et_pb_column][\/et_pb_row][\/et_pb_section]<\/p>\n","protected":false},"excerpt":{"rendered":"<p>\u00bfListo para dar el siguiente paso?Nuestro equipo est\u00e1 atento para conectarse con usted y explorar c\u00f3mo podemos satisfacer las necesidades \u00fanicas de su organizaci\u00f3n. Ya sea que se trate de nuestras soluciones innovadoras, enfoques personalizados o herramientas de seguridad avanzadas, estamos aqu\u00ed para brindarle la experiencia y la orientaci\u00f3n que necesita. No dude en comunicarse: [&hellip;]<\/p>\n","protected":false},"author":1,"featured_media":0,"parent":0,"menu_order":0,"comment_status":"closed","ping_status":"closed","template":"","meta":{"_et_pb_use_builder":"on","_et_pb_old_content":"","_et_gb_content_width":"","footnotes":""},"_links":{"self":[{"href":"https:\/\/bpintelligence.com\/es\/wp-json\/wp\/v2\/pages\/20"}],"collection":[{"href":"https:\/\/bpintelligence.com\/es\/wp-json\/wp\/v2\/pages"}],"about":[{"href":"https:\/\/bpintelligence.com\/es\/wp-json\/wp\/v2\/types\/page"}],"author":[{"embeddable":true,"href":"https:\/\/bpintelligence.com\/es\/wp-json\/wp\/v2\/users\/1"}],"replies":[{"embeddable":true,"href":"https:\/\/bpintelligence.com\/es\/wp-json\/wp\/v2\/comments?post=20"}],"version-history":[{"count":27,"href":"https:\/\/bpintelligence.com\/es\/wp-json\/wp\/v2\/pages\/20\/revisions"}],"predecessor-version":[{"id":3523,"href":"https:\/\/bpintelligence.com\/es\/wp-json\/wp\/v2\/pages\/20\/revisions\/3523"}],"wp:attachment":[{"href":"https:\/\/bpintelligence.com\/es\/wp-json\/wp\/v2\/media?parent=20"}],"curies":[{"name":"wp","href":"https:\/\/api.w.org\/{rel}","templated":true}]}}