{"id":2870,"date":"2023-12-20T19:06:35","date_gmt":"2023-12-20T19:06:35","guid":{"rendered":"https:\/\/bpintelligence.com\/?page_id=2870"},"modified":"2024-01-31T16:47:58","modified_gmt":"2024-01-31T16:47:58","slug":"2870-2","status":"publish","type":"page","link":"https:\/\/bpintelligence.com\/en\/2870-2\/","title":{"rendered":"Personal Services"},"content":{"rendered":"<p>[et_pb_section fb_built=\u00bb1&#8243; admin_label=\u00bbCourses Hero\u00bb _builder_version=\u00bb4.23.1&#8243; use_background_color_gradient=\u00bbon\u00bb background_color_gradient_stops=\u00bb#777777 0%|#0a0404 100%\u00bb background_color_gradient_start=\u00bb#474ab6&#8243; background_color_gradient_end=\u00bb#9271f6&#8243; background_image=\u00bbhttps:\/\/bpintelligence.com\/wp-content\/uploads\/2024\/01\/imagenes-bpservicios-personales-scaled.jpg\u00bb background_blend=\u00bboverlay\u00bb custom_padding=\u00bb100px|0px|180px|0px\u00bb animation_style=\u00bbslide\u00bb animation_direction=\u00bbtop\u00bb animation_intensity_slide=\u00bb2%\u00bb hover_enabled=\u00bb0&#8243; locked=\u00bboff\u00bb global_colors_info=\u00bb{}\u00bb title_text=\u00bbimagenes-bpservicios-personales\u00bb sticky_enabled=\u00bb0&#8243;][et_pb_row _builder_version=\u00bb4.16&#8243; background_size=\u00bbinitial\u00bb background_position=\u00bbtop_left\u00bb background_repeat=\u00bbrepeat\u00bb custom_margin=\u00bb|||\u00bb custom_width_px=\u00bb1280px\u00bb global_colors_info=\u00bb{}\u00bb][et_pb_column type=\u00bb4_4&#8243; _builder_version=\u00bb4.16&#8243; custom_padding=\u00bb|||\u00bb global_colors_info=\u00bb{}\u00bb custom_padding__hover=\u00bb|||\u00bb][et_pb_image src=\u00bbhttps:\/\/bpintelligence.com\/wp-content\/uploads\/2023\/12\/22.png\u00bb title_text=\u00bb22&#8243; align=\u00bbcenter\u00bb align_tablet=\u00bbcenter\u00bb align_phone=\u00bb\u00bb align_last_edited=\u00bbon|desktop\u00bb _builder_version=\u00bb4.23.1&#8243; max_width=\u00bb64px\u00bb animation_style=\u00bbzoom\u00bb locked=\u00bboff\u00bb global_colors_info=\u00bb{}\u00bb][\/et_pb_image][et_pb_text _builder_version=\u00bb4.23.1&#8243; text_font=\u00bbTitillium Web||||||||\u00bb text_text_color=\u00bb#dddddd\u00bb text_font_size=\u00bb32px\u00bb header_font=\u00bbTitillium Web|700|||||||\u00bb header_font_size=\u00bb32px\u00bb header_line_height=\u00bb1.3em\u00bb background_size=\u00bbinitial\u00bb background_position=\u00bbtop_left\u00bb background_repeat=\u00bbrepeat\u00bb text_orientation=\u00bbcenter\u00bb background_layout=\u00bbdark\u00bb max_width=\u00bb530px\u00bb module_alignment=\u00bbcenter\u00bb custom_padding=\u00bb|||\u00bb header_font_size_tablet=\u00bb\u00bb header_font_size_phone=\u00bb\u00bb header_font_size_last_edited=\u00bbon|desktop\u00bb locked=\u00bboff\u00bb global_colors_info=\u00bb{}\u00bb]<\/p>\n<h1><b>Personal Services<\/b><\/h1>\n<p>[\/et_pb_text][et_pb_text _builder_version=\u00bb4.23.1&#8243; text_font=\u00bbExo 2||||||||\u00bb text_text_color=\u00bb#dddddd\u00bb text_font_size=\u00bb17px\u00bb text_line_height=\u00bb1.4em\u00bb background_size=\u00bbinitial\u00bb background_position=\u00bbtop_left\u00bb background_repeat=\u00bbrepeat\u00bb text_orientation=\u00bbcenter\u00bb max_width=\u00bb1000px\u00bb module_alignment=\u00bbcenter\u00bb custom_margin=\u00bb|-206px||||\u00bb locked=\u00bboff\u00bb global_colors_info=\u00bb{}\u00bb]<\/p>\n<p><span style=\"font-weight: 400;\">Our services offer a wide range of solutions focused on security, privacy and trust. It includes private investigations, digital vulnerability assessments, high-security electronic devices, technical surveillance countermeasures, and employee trust verification. Designed to meet both personal and professional needs, these services ensure discretion, security and peace of mind in various environments.<\/span><\/p>\n<p>[\/et_pb_text][\/et_pb_column][\/et_pb_row][\/et_pb_section][et_pb_section fb_built=\u00bb1&#8243; admin_label=\u00bbCourses\u00bb _builder_version=\u00bb4.23.1&#8243; background_image=\u00bbhttps:\/\/bpintelligence.com\/wp-content\/uploads\/2023\/12\/aa.png\u00bb parallax=\u00bbon\u00bb parallax_method=\u00bboff\u00bb custom_padding=\u00bb0px|0px|100px|0px\u00bb global_colors_info=\u00bb{}\u00bb][et_pb_row column_structure=\u00bb1_2,1_2&#8243; _builder_version=\u00bb4.16&#8243; background_size=\u00bbinitial\u00bb background_position=\u00bbtop_left\u00bb background_repeat=\u00bbrepeat\u00bb custom_margin=\u00bb|||\u00bb custom_padding=\u00bb0px|0px|27px|0px\u00bb global_colors_info=\u00bb{}\u00bb][et_pb_column type=\u00bb1_2&#8243; _builder_version=\u00bb4.16&#8243; custom_padding=\u00bb|||\u00bb global_colors_info=\u00bb{}\u00bb custom_padding__hover=\u00bb|||\u00bb][et_pb_blurb title=\u00bbInvestigaciones Privadas (PI)\u00bb image=\u00bbhttps:\/\/bpintelligence.com\/wp-content\/uploads\/2023\/12\/22.png\u00bb icon_placement=\u00bbleft\u00bb content_max_width=\u00bb1100px\u00bb _builder_version=\u00bb4.23.1&#8243; header_font=\u00bbTitillium Web|700|||||||\u00bb header_text_color=\u00bb#383838&#8243; header_line_height=\u00bb1.2em\u00bb body_font=\u00bbExo 2||||||||\u00bb body_text_color=\u00bb#383838&#8243; body_line_height=\u00bb1.4em\u00bb background_color=\u00bb#ffffff\u00bb background_size=\u00bbinitial\u00bb background_position=\u00bbtop_left\u00bb background_repeat=\u00bbrepeat\u00bb min_height=\u00bb540px\u00bb custom_margin=\u00bb-80px||10%|\u00bb custom_padding=\u00bb30px|40px|45px|40px||\u00bb animation_style=\u00bbzoom\u00bb animation_direction=\u00bbbottom\u00bb animation_intensity_zoom=\u00bb20%\u00bb animation_starting_opacity=\u00bb100%\u00bb box_shadow_style=\u00bbpreset2&#8243; box_shadow_horizontal=\u00bb0px\u00bb box_shadow_vertical=\u00bb0px\u00bb box_shadow_blur=\u00bb60px\u00bb box_shadow_color=\u00bbrgba(71,74,182,0.12)\u00bb locked=\u00bboff\u00bb global_colors_info=\u00bb{}\u00bb]<\/p>\n<p><span class=\"tagServicio\" style=\"color: #383838;\">Service<\/span><\/p>\n<p><span style=\"font-weight: 400;\">We offer discreet and comprehensive investigative solutions tailored to individual needs. <\/span><\/p>\n<p><span style=\"font-weight: 400;\">Specializing in gathering critical information and evidence, our team of experienced professionals employs advanced surveillance techniques, background checks, and digital forensics. <\/span><\/p>\n<p><span style=\"font-weight: 400;\">Whether it's for personal matters, legal cases, or business inquiries, our service ensures thorough and confidential investigations, providing clients with the insights and evidence they need to make informed decisions or resolve complex situations.<\/span><\/p>\n<p><strong><a href=\"https:\/\/bpintelligence.com\/en\/contacto\/\"><span style=\"color: #ff6766;\">Contact us &gt;<\/span><\/a><\/strong><\/p>\n<p>&nbsp;<\/p>\n<p>[\/et_pb_blurb][et_pb_blurb title=\u00bbDispositivos Electr\u00f3nicos de Alta Seguridad\u00bb image=\u00bbhttps:\/\/bpintelligence.com\/wp-content\/uploads\/2023\/12\/22.png\u00bb icon_placement=\u00bbleft\u00bb content_max_width=\u00bb1100px\u00bb _builder_version=\u00bb4.23.1&#8243; header_font=\u00bbTitillium Web|700|||||||\u00bb header_text_color=\u00bb#383838&#8243; header_line_height=\u00bb1.2em\u00bb body_font=\u00bbExo 2||||||||\u00bb body_text_color=\u00bb#383838&#8243; body_line_height=\u00bb1.4em\u00bb background_color=\u00bb#ffffff\u00bb background_size=\u00bbinitial\u00bb background_position=\u00bbtop_left\u00bb background_repeat=\u00bbrepeat\u00bb min_height=\u00bb490px\u00bb custom_margin=\u00bb||14.9%|||\u00bb custom_padding=\u00bb30px|40px|30px|40px\u00bb animation_style=\u00bbzoom\u00bb animation_direction=\u00bbbottom\u00bb animation_intensity_zoom=\u00bb20%\u00bb animation_starting_opacity=\u00bb100%\u00bb box_shadow_style=\u00bbpreset2&#8243; box_shadow_horizontal=\u00bb0px\u00bb box_shadow_vertical=\u00bb0px\u00bb box_shadow_blur=\u00bb60px\u00bb box_shadow_color=\u00bbrgba(71,74,182,0.12)\u00bb locked=\u00bboff\u00bb global_colors_info=\u00bb{}\u00bb]<\/p>\n<p><span class=\"tagProducto\" style=\"color: #fff;\">Product<\/span>\u00a0<span class=\"tagExclusivo\" style=\"color: #383838;\">Exclusive<\/span><\/p>\n<p><span style=\"font-weight: 400;\">Our high-security product line features a range of protection and privacy-focused devices, including laptops and smartphones, all running a Linux-based operating system.\u00a0<\/span><\/p>\n<p><span style=\"font-weight: 400;\">These devices are designed under fundamental principles of user freedom, privacy and security. Additionally, these products may include a privacy-focused cellular plan and a suite of secure digital communication services.<\/span><\/p>\n<p><strong><a href=\"https:\/\/bpintelligence.com\/en\/contacto\/\"><span style=\"color: #ff6766;\">Contact us &gt;<\/span><\/a><\/strong><\/p>\n<p>[\/et_pb_blurb][et_pb_blurb title=\u00bbControl de Confianza de Personal Dom\u00e9stico\u00bb image=\u00bbhttps:\/\/bpintelligence.com\/wp-content\/uploads\/2023\/12\/22.png\u00bb icon_placement=\u00bbleft\u00bb content_max_width=\u00bb1100px\u00bb _builder_version=\u00bb4.23.1&#8243; header_font=\u00bbTitillium Web|700|||||||\u00bb header_text_color=\u00bb#383838&#8243; header_line_height=\u00bb1.2em\u00bb body_font=\u00bbExo 2||||||||\u00bb body_text_color=\u00bb#383838&#8243; body_line_height=\u00bb1.4em\u00bb background_color=\u00bb#ffffff\u00bb background_size=\u00bbinitial\u00bb background_position=\u00bbtop_left\u00bb background_repeat=\u00bbrepeat\u00bb min_height=\u00bb460px\u00bb custom_margin=\u00bb-29px||10%|||\u00bb custom_padding=\u00bb30px|40px|30px|40px\u00bb animation_style=\u00bbzoom\u00bb animation_direction=\u00bbbottom\u00bb animation_intensity_zoom=\u00bb20%\u00bb animation_starting_opacity=\u00bb100%\u00bb box_shadow_style=\u00bbpreset2&#8243; box_shadow_horizontal=\u00bb0px\u00bb box_shadow_vertical=\u00bb0px\u00bb box_shadow_blur=\u00bb60px\u00bb box_shadow_color=\u00bbrgba(71,74,182,0.12)\u00bb locked=\u00bboff\u00bb global_colors_info=\u00bb{}\u00bb]<\/p>\n<p><span class=\"tagServicio\" style=\"color: #383838;\">Service<\/span><\/p>\n<p><span style=\"font-weight: 400;\">Our specialist service offers a comprehensive framework for vetting domestic staff, including maintenance, cleaning, nannies, drivers and escorts. Designed for homes looking to ensure safety and reliability, it includes comprehensive background checks, personal data verification, socioeconomic analysis and psychometric assessments.\u00a0<\/span><\/p>\n<p><span style=\"font-weight: 400;\">This service uses advanced analytics to evaluate potential risks, both online and in-person, ensuring that the staff maintain the highest levels of integrity and reliability. Ideal for families and individuals who prioritize a safe and secure home environment.<\/span><\/p>\n<p><strong><a href=\"https:\/\/bpintelligence.com\/en\/contacto\/\"><span style=\"color: #ff6766;\">Contact us &gt;<\/span><\/a><\/strong><\/p>\n<p>[\/et_pb_blurb][\/et_pb_column][et_pb_column type=\u00bb1_2&#8243; _builder_version=\u00bb4.16&#8243; custom_padding=\u00bb|||\u00bb global_colors_info=\u00bb{}\u00bb custom_padding__hover=\u00bb|||\u00bb][et_pb_blurb title=\u00bbEvaluaci\u00f3n de Vulnerabilidad  Digital (DVA)\u00bb image=\u00bbhttps:\/\/bpintelligence.com\/wp-content\/uploads\/2023\/12\/22.png\u00bb icon_placement=\u00bbleft\u00bb content_max_width=\u00bb1100px\u00bb _builder_version=\u00bb4.23.1&#8243; header_font=\u00bbTitillium Web|700|||||||\u00bb header_text_color=\u00bb#383838&#8243; header_line_height=\u00bb1.2em\u00bb body_font=\u00bbExo 2||||||||\u00bb body_text_color=\u00bb#383838&#8243; body_line_height=\u00bb1.4em\u00bb background_color=\u00bb#ffffff\u00bb background_size=\u00bbinitial\u00bb background_position=\u00bbtop_left\u00bb background_repeat=\u00bbrepeat\u00bb min_height=\u00bb540px\u00bb custom_margin=\u00bb-80px||10%|\u00bb custom_margin_tablet=\u00bb0px||10%|\u00bb custom_margin_phone=\u00bb\u00bb custom_margin_last_edited=\u00bbon|phone\u00bb custom_padding=\u00bb30px|40px|33px|40px||\u00bb animation_style=\u00bbzoom\u00bb animation_direction=\u00bbbottom\u00bb animation_delay=\u00bb100ms\u00bb animation_intensity_zoom=\u00bb20%\u00bb animation_starting_opacity=\u00bb100%\u00bb box_shadow_style=\u00bbpreset2&#8243; box_shadow_horizontal=\u00bb0px\u00bb box_shadow_vertical=\u00bb0px\u00bb box_shadow_blur=\u00bb60px\u00bb box_shadow_color=\u00bbrgba(71,74,182,0.12)\u00bb locked=\u00bboff\u00bb global_colors_info=\u00bb{}\u00bb]<\/p>\n<p><span class=\"tagServicio\" style=\"color: #383838;\">Service<\/span><\/p>\n<p><span style=\"font-weight: 400;\">Our premium service provides a comprehensive evaluation of your digital footprint and security posture and personal data exposure.<\/span><\/p>\n<p><span style=\"font-weight: 400;\">This service is designed to identify potential vulnerabilities in your online presence, including social media, email accounts, and other digital platforms. Our team of cybersecurity experts uses advanced techniques to assess risks like data breaches, identity theft, and unauthorized access. We also analyze your digital behavior to recommend best practices for enhancing online privacy and security.\u00a0<\/span><\/p>\n<p><span style=\"font-weight: 400;\">The service includes a detailed report with actionable insights, ensuring you have the necessary tools to safeguard your personal information in the digital realm.<\/span><\/p>\n<p><strong><a href=\"https:\/\/bpintelligence.com\/en\/contacto\/\"><span style=\"color: #ff6766;\">Contact us &gt;<\/span><\/a><\/strong><\/p>\n<p>[\/et_pb_blurb][et_pb_blurb title=\u00bbMonitoreo Integral de Reputaci\u00f3n Digital\u00bb image=\u00bbhttps:\/\/bpintelligence.com\/wp-content\/uploads\/2023\/12\/22.png\u00bb icon_placement=\u00bbleft\u00bb content_max_width=\u00bb1100px\u00bb _builder_version=\u00bb4.23.1&#8243; header_font=\u00bbTitillium Web|700|||||||\u00bb header_text_color=\u00bb#383838&#8243; header_line_height=\u00bb1.2em\u00bb body_font=\u00bbExo 2||||||||\u00bb body_text_color=\u00bb#383838&#8243; body_line_height=\u00bb1.4em\u00bb background_color=\u00bb#ffffff\u00bb background_size=\u00bbinitial\u00bb background_position=\u00bbtop_left\u00bb background_repeat=\u00bbrepeat\u00bb min_height=\u00bb490px\u00bb custom_margin=\u00bb||10%|\u00bb custom_padding=\u00bb30px|40px|0px|40px||\u00bb animation_style=\u00bbzoom\u00bb animation_direction=\u00bbbottom\u00bb animation_delay=\u00bb100ms\u00bb animation_intensity_zoom=\u00bb20%\u00bb animation_starting_opacity=\u00bb100%\u00bb box_shadow_style=\u00bbpreset2&#8243; box_shadow_horizontal=\u00bb0px\u00bb box_shadow_vertical=\u00bb0px\u00bb box_shadow_blur=\u00bb60px\u00bb box_shadow_color=\u00bbrgba(71,74,182,0.12)\u00bb locked=\u00bboff\u00bb global_colors_info=\u00bb{}\u00bb]<\/p>\n<p><span class=\"tagServicio\" style=\"color: #383838;\">Service<\/span><\/p>\n<p><span style=\"font-weight: 400;\">This service for high-profile personalities and executives is meticulously designed to not only safeguard but also enhance public image.<\/span><\/p>\n<p><span style=\"font-weight: 400;\">Integra la Evaluaci\u00f3n de Vulnerabilidad (DVA) con monitore<\/span><b>o <\/b><span style=\"font-weight: 400;\">It integrates the Vulnerability Assessment (DVA) with media monitoring, as well as investigation of contact profiles, for a continuous evaluation of impact and liability due to linkage. This solution focuses on identifying and mitigating risks arising from meetings and events, as well as online activity, while helping to manage and mitigate political and social threats.\u00a0<\/span><\/p>\n<p><span style=\"font-weight: 400;\">By identifying potential risks and recommending strategies to improve privacy and reputation, public perception is preserved and reinforced. Furthermore, in-depth analysis of contacts and links ensures a comprehensive approach, crucial to maintaining and improving public image.<\/span><\/p>\n<p><strong><a href=\"https:\/\/bpintelligence.com\/en\/contacto\/\"><span style=\"color: #ff6766;\">Contact us &gt;<\/span><\/a><\/strong><\/p>\n<p><span style=\"font-weight: 400; color: #ff6766;\"><\/span><\/p>\n<p><span style=\"font-weight: 400; color: #ff6766;\"><\/span><\/p>\n<p>[\/et_pb_blurb][\/et_pb_column][\/et_pb_row][\/et_pb_section][et_pb_section fb_built=\u00bb1&#8243; admin_label=\u00bbFooter\u00bb _builder_version=\u00bb4.16&#8243; background_color=\u00bb#f7f8fc\u00bb custom_padding=\u00bb0px|0px|100px|0px\u00bb animation_style=\u00bbzoom\u00bb animation_direction=\u00bbbottom\u00bb animation_intensity_zoom=\u00bb6%\u00bb animation_starting_opacity=\u00bb100%\u00bb saved_tabs=\u00bball\u00bb locked=\u00bboff\u00bb global_colors_info=\u00bb{}\u00bb][et_pb_row column_structure=\u00bb1_2,1_2&#8243; _builder_version=\u00bb4.16&#8243; background_size=\u00bbinitial\u00bb background_position=\u00bbtop_left\u00bb background_repeat=\u00bbrepeat\u00bb custom_padding=\u00bb0px|0px|35px|0px||\u00bb global_colors_info=\u00bb{}\u00bb][et_pb_column type=\u00bb1_2&#8243; _builder_version=\u00bb4.16&#8243; custom_padding=\u00bb|||\u00bb global_colors_info=\u00bb{}\u00bb custom_padding__hover=\u00bb|||\u00bb][et_pb_blurb title=\u00bbServicios Personales\u00bb url=\u00bbhttps:\/\/bpintelligence.com\/2870-2\/\u00bb image=\u00bbhttps:\/\/bpintelligence.com\/wp-content\/uploads\/2023\/12\/22.png\u00bb icon_placement=\u00bbleft\u00bb image_icon_width=\u00bb64px\u00bb content_max_width=\u00bb1100px\u00bb _builder_version=\u00bb4.23.1&#8243; header_font=\u00bbTitillium Web|700|||||||\u00bb header_text_color=\u00bb#383838&#8243; header_line_height=\u00bb1.5em\u00bb body_font=\u00bbExo 2||||||||\u00bb body_text_color=\u00bb#383838&#8243; body_line_height=\u00bb1.4em\u00bb background_color=\u00bb#ffffff\u00bb custom_margin=\u00bb-80px|||\u00bb custom_padding=\u00bb30px|40px|30px|40px\u00bb animation_style=\u00bbzoom\u00bb animation_direction=\u00bbbottom\u00bb animation_intensity_zoom=\u00bb20%\u00bb animation_starting_opacity=\u00bb100%\u00bb box_shadow_style=\u00bbpreset2&#8243; box_shadow_horizontal=\u00bb0px\u00bb box_shadow_vertical=\u00bb0px\u00bb box_shadow_blur=\u00bb60px\u00bb box_shadow_color=\u00bbrgba(71,74,182,0.12)\u00bb image_max_width=\u00bb64px\u00bb locked=\u00bboff\u00bb global_colors_info=\u00bb{}\u00bb]<\/p>\n<p><a href=\"https:\/\/bpintelligence.com\/en\/2870-2\/\"><span style=\"font-weight: 400; color: #ff6667;\">View services &gt;<\/span><\/a><\/p>\n<p><span style=\"font-weight: 400;\">Explore cutting-edge solutions tailored to your personal needs, allowing you to protect and thrive in an ever-changing digital environment.<\/span><\/p>\n<p><span style=\"font-weight: 400;\"><\/span><\/p>\n<p><span style=\"font-weight: 400;\"><\/span><\/p>\n<p>[\/et_pb_blurb][\/et_pb_column][et_pb_column type=\u00bb1_2&#8243; _builder_version=\u00bb4.16&#8243; custom_padding=\u00bb|||\u00bb global_colors_info=\u00bb{}\u00bb custom_padding__hover=\u00bb|||\u00bb][et_pb_blurb title=\u00bbArrendamiento de Equipos \u00bb url=\u00bbhttps:\/\/bpintelligence.com\/arrendamiento-de-equipo\/\u00bb image=\u00bbhttps:\/\/bpintelligence.com\/wp-content\/uploads\/2023\/12\/11.png\u00bb icon_placement=\u00bbleft\u00bb image_icon_width=\u00bb64px\u00bb content_max_width=\u00bb1100px\u00bb _builder_version=\u00bb4.23.1&#8243; header_font=\u00bbTitillium Web|700|||||||\u00bb header_text_color=\u00bb#383838&#8243; header_line_height=\u00bb1.5em\u00bb body_font=\u00bbExo 2||||||||\u00bb body_text_color=\u00bb#383838&#8243; body_line_height=\u00bb1.4em\u00bb background_color=\u00bb#ffffff\u00bb custom_margin=\u00bb-80px|||\u00bb custom_margin_tablet=\u00bb0px|||\u00bb custom_margin_phone=\u00bb\u00bb custom_margin_last_edited=\u00bbon|phone\u00bb custom_padding=\u00bb30px|40px|30px|40px\u00bb animation_style=\u00bbzoom\u00bb animation_direction=\u00bbbottom\u00bb animation_delay=\u00bb100ms\u00bb animation_intensity_zoom=\u00bb20%\u00bb animation_starting_opacity=\u00bb100%\u00bb box_shadow_style=\u00bbpreset2&#8243; box_shadow_horizontal=\u00bb0px\u00bb box_shadow_vertical=\u00bb0px\u00bb box_shadow_blur=\u00bb60px\u00bb box_shadow_color=\u00bbrgba(71,74,182,0.12)\u00bb image_max_width=\u00bb64px\u00bb locked=\u00bboff\u00bb global_colors_info=\u00bb{}\u00bb]<\/p>\n<p><a href=\"https:\/\/bpintelligence.com\/en\/arrendamiento-de-equipo\/\"><span style=\"font-weight: 400; color: #ff6667;\">View plans &gt;<\/span><\/a><\/p>\n<p><span style=\"font-weight: 400;\">Our offerings are designed to equip your operations with the latest tools, ensuring you are prepared for any challenge.<\/span><\/p>\n<p><span style=\"font-weight: 400;\"><\/span><\/p>\n<p><span style=\"font-weight: 400;\"><\/span><\/p>\n<p>[\/et_pb_blurb][\/et_pb_column][\/et_pb_row][et_pb_row column_structure=\u00bb1_5,3_5,1_5&#8243; use_custom_gutter=\u00bbon\u00bb gutter_width=\u00bb2&#8243; _builder_version=\u00bb4.23.1&#8243; background_size=\u00bbinitial\u00bb background_position=\u00bbtop_left\u00bb background_repeat=\u00bbrepeat\u00bb global_colors_info=\u00bb{}\u00bb][et_pb_column type=\u00bb1_5&#8243; _builder_version=\u00bb4.16&#8243; custom_padding=\u00bb|||\u00bb global_colors_info=\u00bb{}\u00bb custom_padding__hover=\u00bb|||\u00bb][\/et_pb_column][et_pb_column type=\u00bb3_5&#8243; _builder_version=\u00bb4.16&#8243; custom_padding=\u00bb|||\u00bb global_colors_info=\u00bb{}\u00bb custom_padding__hover=\u00bb|||\u00bb][et_pb_text _builder_version=\u00bb4.23.1&#8243; text_font=\u00bbTitillium Web||||||||\u00bb text_text_color=\u00bb#383838&#8243; text_font_size=\u00bb32px\u00bb text_line_height=\u00bb1.4em\u00bb header_font=\u00bb||||||||\u00bb header_2_font=\u00bb|700|||||||\u00bb header_2_text_color=\u00bb#7272ff\u00bb header_2_font_size=\u00bb36px\u00bb header_2_line_height=\u00bb1.3em\u00bb background_size=\u00bbinitial\u00bb background_position=\u00bbtop_left\u00bb background_repeat=\u00bbrepeat\u00bb custom_margin=\u00bb||20px|\u00bb animation_style=\u00bbslide\u00bb animation_direction=\u00bbbottom\u00bb animation_intensity_slide=\u00bb10%\u00bb global_colors_info=\u00bb{}\u00bb header_font_size__hover=\u00bb30px\u00bb header_font_size__hover_enabled=\u00bb30px\u00bb header_letter_spacing__hover=\u00bb0px\u00bb header_letter_spacing__hover_enabled=\u00bb0px\u00bb header_text_shadow_style__hover=\u00bbnone\u00bb header_text_shadow_style__hover_enabled=\u00bbnone\u00bb header_text_shadow_color__hover=\u00bbrgba(0,0,0,0.4)\u00bb header_text_shadow_color__hover_enabled=\u00bbrgba(0,0,0,0.4)\u00bb]<\/p>\n<p style=\"text-align: center;\"><b>Get in <\/b><a href=\"https:\/\/bpintelligence.com\/en\/contacto\/\"><span style=\"color: #ff6667;\"><b>touch &gt;<\/b><\/span><\/a><\/p>\n<p>[\/et_pb_text][et_pb_text _builder_version=\u00bb4.23.1&#8243; text_font=\u00bbExo 2||||||||\u00bb text_text_color=\u00bb#383838&#8243; background_size=\u00bbinitial\u00bb background_position=\u00bbtop_left\u00bb background_repeat=\u00bbrepeat\u00bb animation_style=\u00bbfade\u00bb locked=\u00bboff\u00bb global_colors_info=\u00bb{}\u00bb]<\/p>\n<p style=\"text-align: center;\"><span style=\"font-weight: 400;\">We are here to provide you with innovative solutions tailored to your needs. Contact us today to begin a transformation toward a safer, more prosperous future.<\/span><\/p>\n<p>[\/et_pb_text][et_pb_button button_url=\u00bbhttps:\/\/bpintelligence.com\/contacto\/\u00bb button_text=\u00bbContacto\u00bb button_alignment=\u00bbcenter\u00bb _builder_version=\u00bb4.23.1&#8243; custom_button=\u00bbon\u00bb button_text_size=\u00bb16px\u00bb button_text_color=\u00bb#FFFFFF\u00bb button_bg_color=\u00bb#FF6766&#8243; button_border_width=\u00bb9px\u00bb button_border_color=\u00bb#FF6766&#8243; button_border_radius=\u00bb7px\u00bb button_letter_spacing=\u00bb0px\u00bb button_font=\u00bbTitillium Web|600||on|||||\u00bb button_use_icon=\u00bboff\u00bb custom_margin=\u00bb52px||1px|||\u00bb animation_style=\u00bbzoom\u00bb animation_delay=\u00bb100ms\u00bb animation_intensity_zoom=\u00bb6%\u00bb box_shadow_style=\u00bbpreset1&#8243; box_shadow_vertical=\u00bb10px\u00bb box_shadow_blur=\u00bb50px\u00bb box_shadow_spread=\u00bb5px\u00bb box_shadow_color=\u00bbrgba(255,102,103,0.34)\u00bb button_letter_spacing_hover=\u00bb2px\u00bb locked=\u00bboff\u00bb global_colors_info=\u00bb{}\u00bb button_text_size__hover_enabled=\u00bboff\u00bb button_one_text_size__hover_enabled=\u00bboff\u00bb button_two_text_size__hover_enabled=\u00bboff\u00bb button_text_color__hover_enabled=\u00bboff\u00bb button_one_text_color__hover_enabled=\u00bboff\u00bb button_two_text_color__hover_enabled=\u00bboff\u00bb button_border_width__hover_enabled=\u00bboff\u00bb button_one_border_width__hover_enabled=\u00bboff\u00bb button_two_border_width__hover_enabled=\u00bboff\u00bb button_border_color__hover_enabled=\u00bbon|hover\u00bb button_one_border_color__hover_enabled=\u00bboff\u00bb button_two_border_color__hover_enabled=\u00bboff\u00bb button_border_radius__hover_enabled=\u00bboff\u00bb button_one_border_radius__hover_enabled=\u00bboff\u00bb button_two_border_radius__hover_enabled=\u00bboff\u00bb button_letter_spacing__hover_enabled=\u00bbon|hover\u00bb button_letter_spacing__hover=\u00bb0px\u00bb button_one_letter_spacing__hover_enabled=\u00bboff\u00bb button_two_letter_spacing__hover_enabled=\u00bboff\u00bb button_bg_color__hover_enabled=\u00bbon|desktop\u00bb button_one_bg_color__hover_enabled=\u00bboff\u00bb button_two_bg_color__hover_enabled=\u00bboff\u00bb button_bg_color__hover=\u00bb#860001&#8243; button_bg_enable_color__hover=\u00bbon\u00bb button_border_color__hover=\u00bb#860001&#8243;][\/et_pb_button][\/et_pb_column][et_pb_column type=\u00bb1_5&#8243; _builder_version=\u00bb4.16&#8243; custom_padding=\u00bb|||\u00bb global_colors_info=\u00bb{}\u00bb custom_padding__hover=\u00bb|||\u00bb][\/et_pb_column][\/et_pb_row][\/et_pb_section]<\/p>","protected":false},"excerpt":{"rendered":"<p>Servicios PersonalesNuestros servicios ofrecen una amplia gama de soluciones enfocadas en la seguridad, la privacidad y la confianza. Incluye investigaciones privadas, evaluaciones de vulnerabilidad digital, dispositivos electr\u00f3nicos de alta seguridad, contramedidas de vigilancia t\u00e9cnica y verificaci\u00f3n de confianza de empleados. Dise\u00f1ados para satisfacer necesidades tanto personales como profesionales, estos servicios garantizan discreci\u00f3n, seguridad y tranquilidad [&hellip;]<\/p>","protected":false},"author":1,"featured_media":0,"parent":0,"menu_order":0,"comment_status":"closed","ping_status":"closed","template":"","meta":{"_et_pb_use_builder":"on","_et_pb_old_content":"","_et_gb_content_width":"","footnotes":""},"_links":{"self":[{"href":"https:\/\/bpintelligence.com\/en\/wp-json\/wp\/v2\/pages\/2870"}],"collection":[{"href":"https:\/\/bpintelligence.com\/en\/wp-json\/wp\/v2\/pages"}],"about":[{"href":"https:\/\/bpintelligence.com\/en\/wp-json\/wp\/v2\/types\/page"}],"author":[{"embeddable":true,"href":"https:\/\/bpintelligence.com\/en\/wp-json\/wp\/v2\/users\/1"}],"replies":[{"embeddable":true,"href":"https:\/\/bpintelligence.com\/en\/wp-json\/wp\/v2\/comments?post=2870"}],"version-history":[{"count":30,"href":"https:\/\/bpintelligence.com\/en\/wp-json\/wp\/v2\/pages\/2870\/revisions"}],"predecessor-version":[{"id":3507,"href":"https:\/\/bpintelligence.com\/en\/wp-json\/wp\/v2\/pages\/2870\/revisions\/3507"}],"wp:attachment":[{"href":"https:\/\/bpintelligence.com\/en\/wp-json\/wp\/v2\/media?parent=2870"}],"curies":[{"name":"wp","href":"https:\/\/api.w.org\/{rel}","templated":true}]}}